{"id":219,"date":"2026-01-04T17:06:23","date_gmt":"2026-01-04T17:06:23","guid":{"rendered":"https:\/\/amatierra.net\/?page_id=219"},"modified":"2026-03-13T04:30:46","modified_gmt":"2026-03-13T04:30:46","slug":"home","status":"publish","type":"page","link":"https:\/\/amatierra.net\/es\/","title":{"rendered":"Inicio"},"content":{"rendered":"<div data-elementor-type=\"wp-page\" data-elementor-id=\"219\" class=\"elementor elementor-219\">\n\t\t\t\t<div class=\"elementor-element elementor-element-e2b531f e-flex e-con-boxed e-con e-parent\" data-id=\"e2b531f\" data-element_type=\"container\" data-settings=\"{&quot;background_background&quot;:&quot;classic&quot;}\">\n\t\t\t\t\t<div class=\"e-con-inner\">\n\t\t\t\t<div class=\"elementor-element elementor-element-c3c1a4a elementor-widget elementor-widget-heading\" data-id=\"c3c1a4a\" data-element_type=\"widget\" data-widget_type=\"heading.default\">\n\t\t\t\t<div class=\"elementor-widget-container\">\n\t\t\t\t\t<h1 class=\"elementor-heading-title elementor-size-default\">AMATIERRA<\/h1>\t\t\t\t<\/div>\n\t\t\t\t<\/div>\n\t\t\t\t<div class=\"elementor-element elementor-element-b8eff23 elementor-widget elementor-widget-text-editor\" data-id=\"b8eff23\" data-element_type=\"widget\" data-widget_type=\"text-editor.default\">\n\t\t\t\t<div class=\"elementor-widget-container\">\n\t\t\t\t\t\t\t\t\t<p>Tambores de Medicina<\/p><p>Nacido de la tierra para despertar la Voz del Corazon\u00a0<\/p><p>\u00a0<\/p>\t\t\t\t\t\t\t\t<\/div>\n\t\t\t\t<\/div>\n\t\t\t\t\t<\/div>\n\t\t\t\t<\/div>\n\t\t<div class=\"elementor-element elementor-element-12e9925 e-grid e-con-boxed e-con e-parent\" data-id=\"12e9925\" data-element_type=\"container\">\n\t\t\t\t\t<div class=\"e-con-inner\">\n\t\t\t\t<div class=\"elementor-element elementor-element-5483116 elementor-widget elementor-widget-image\" data-id=\"5483116\" data-element_type=\"widget\" data-widget_type=\"image.default\">\n\t\t\t\t<div class=\"elementor-widget-container\">\n\t\t\t\t\t\t\t\t\t\t\t\t<figure class=\"wp-caption\">\n\t\t\t\t\t\t\t\t\t\t<img fetchpriority=\"high\" decoding=\"async\" width=\"1024\" height=\"1024\" src=\"https:\/\/amatierra.net\/wp-content\/uploads\/2026\/01\/WhatsApp-Image-2025-12-12-at-11.24.36-1024x1024.webp\" class=\"attachment-large size-large wp-image-549\" alt=\"whatsapp image 2025 12 12 at 11.24.36\" srcset=\"https:\/\/amatierra.net\/wp-content\/uploads\/2026\/01\/WhatsApp-Image-2025-12-12-at-11.24.36-1024x1024.webp 1024w, https:\/\/amatierra.net\/wp-content\/uploads\/2026\/01\/WhatsApp-Image-2025-12-12-at-11.24.36-300x300.webp 300w, https:\/\/amatierra.net\/wp-content\/uploads\/2026\/01\/WhatsApp-Image-2025-12-12-at-11.24.36-150x150.webp 150w, https:\/\/amatierra.net\/wp-content\/uploads\/2026\/01\/WhatsApp-Image-2025-12-12-at-11.24.36-768x768.webp 768w, https:\/\/amatierra.net\/wp-content\/uploads\/2026\/01\/WhatsApp-Image-2025-12-12-at-11.24.36-600x600.png 600w, https:\/\/amatierra.net\/wp-content\/uploads\/2026\/01\/WhatsApp-Image-2025-12-12-at-11.24.36-100x100.png 100w, https:\/\/amatierra.net\/wp-content\/uploads\/2026\/01\/WhatsApp-Image-2025-12-12-at-11.24.36.webp 1149w\" sizes=\"(max-width: 1024px) 100vw, 1024px\" title=\"Inicio\">\t\t\t\t\t\t\t\t\t\t\t<figcaption class=\"widget-image-caption wp-caption-text\">Tienda<\/figcaption>\n\t\t\t\t\t\t\t\t\t\t<\/figure>\n\t\t\t\t\t\t\t\t\t<\/div>\n\t\t\t\t<\/div>\n\t\t\t\t<div class=\"elementor-element elementor-element-4dee659 elementor-widget elementor-widget-image\" data-id=\"4dee659\" data-element_type=\"widget\" data-widget_type=\"image.default\">\n\t\t\t\t<div class=\"elementor-widget-container\">\n\t\t\t\t\t\t\t\t\t\t\t\t<figure class=\"wp-caption\">\n\t\t\t\t\t\t\t\t\t\t<img decoding=\"async\" width=\"1024\" height=\"1024\" src=\"https:\/\/amatierra.net\/wp-content\/uploads\/2026\/01\/WhatsApp-Image-2025-12-12-at-11.28.05-1024x1024.webp\" class=\"attachment-large size-large wp-image-547\" alt=\"whatsapp image 2025 12 12 at 11.28.05\" srcset=\"https:\/\/amatierra.net\/wp-content\/uploads\/2026\/01\/WhatsApp-Image-2025-12-12-at-11.28.05-1024x1024.webp 1024w, https:\/\/amatierra.net\/wp-content\/uploads\/2026\/01\/WhatsApp-Image-2025-12-12-at-11.28.05-300x300.webp 300w, https:\/\/amatierra.net\/wp-content\/uploads\/2026\/01\/WhatsApp-Image-2025-12-12-at-11.28.05-150x150.webp 150w, https:\/\/amatierra.net\/wp-content\/uploads\/2026\/01\/WhatsApp-Image-2025-12-12-at-11.28.05-768x768.webp 768w, https:\/\/amatierra.net\/wp-content\/uploads\/2026\/01\/WhatsApp-Image-2025-12-12-at-11.28.05-600x600.webp 600w, https:\/\/amatierra.net\/wp-content\/uploads\/2026\/01\/WhatsApp-Image-2025-12-12-at-11.28.05-100x100.webp 100w, https:\/\/amatierra.net\/wp-content\/uploads\/2026\/01\/WhatsApp-Image-2025-12-12-at-11.28.05.webp 1200w\" sizes=\"(max-width: 1024px) 100vw, 1024px\" title=\"Inicio\">\t\t\t\t\t\t\t\t\t\t\t<figcaption class=\"widget-image-caption wp-caption-text\">Talleres<\/figcaption>\n\t\t\t\t\t\t\t\t\t\t<\/figure>\n\t\t\t\t\t\t\t\t\t<\/div>\n\t\t\t\t<\/div>\n\t\t\t\t<div class=\"elementor-element elementor-element-be276ec elementor-widget elementor-widget-image\" data-id=\"be276ec\" data-element_type=\"widget\" data-widget_type=\"image.default\">\n\t\t\t\t<div class=\"elementor-widget-container\">\n\t\t\t\t\t\t\t\t\t\t\t\t<figure class=\"wp-caption\">\n\t\t\t\t\t\t\t\t\t\t<img decoding=\"async\" width=\"1024\" height=\"1024\" src=\"https:\/\/amatierra.net\/wp-content\/uploads\/2026\/01\/WhatsApp-Image-2026-01-05-at-13.30.14-1024x1024.webp\" class=\"attachment-large size-large wp-image-570\" alt=\"whatsapp image 2026 01 05 at 13.30.14\" srcset=\"https:\/\/amatierra.net\/wp-content\/uploads\/2026\/01\/WhatsApp-Image-2026-01-05-at-13.30.14-1024x1024.webp 1024w, https:\/\/amatierra.net\/wp-content\/uploads\/2026\/01\/WhatsApp-Image-2026-01-05-at-13.30.14-300x300.webp 300w, https:\/\/amatierra.net\/wp-content\/uploads\/2026\/01\/WhatsApp-Image-2026-01-05-at-13.30.14-150x150.webp 150w, https:\/\/amatierra.net\/wp-content\/uploads\/2026\/01\/WhatsApp-Image-2026-01-05-at-13.30.14-768x768.webp 768w, https:\/\/amatierra.net\/wp-content\/uploads\/2026\/01\/WhatsApp-Image-2026-01-05-at-13.30.14-600x600.webp 600w, https:\/\/amatierra.net\/wp-content\/uploads\/2026\/01\/WhatsApp-Image-2026-01-05-at-13.30.14-100x100.webp 100w, https:\/\/amatierra.net\/wp-content\/uploads\/2026\/01\/WhatsApp-Image-2026-01-05-at-13.30.14.webp 1200w\" sizes=\"(max-width: 1024px) 100vw, 1024px\" title=\"Inicio\">\t\t\t\t\t\t\t\t\t\t\t<figcaption class=\"widget-image-caption wp-caption-text\">Construye tu Tambor en Casa<\/figcaption>\n\t\t\t\t\t\t\t\t\t\t<\/figure>\n\t\t\t\t\t\t\t\t\t<\/div>\n\t\t\t\t<\/div>\n\t\t\t\t\t<\/div>\n\t\t\t\t<\/div>\n\t\t<div class=\"elementor-element elementor-element-37b786e e-flex e-con-boxed e-con e-parent\" data-id=\"37b786e\" data-element_type=\"container\" data-settings=\"{&quot;background_background&quot;:&quot;classic&quot;}\">\n\t\t\t\t\t<div class=\"e-con-inner\">\n\t\t\t\t<div class=\"elementor-element elementor-element-3e537f4 elementor-widget elementor-widget-video\" data-id=\"3e537f4\" data-element_type=\"widget\" data-settings=\"{&quot;youtube_url&quot;:&quot;https:\\\/\\\/youtube.com\\\/shorts\\\/ltJwm29awLM?feature=share&quot;,&quot;show_image_overlay&quot;:&quot;yes&quot;,&quot;image_overlay&quot;:{&quot;url&quot;:&quot;https:\\\/\\\/amatierra.net\\\/wp-content\\\/uploads\\\/2026\\\/01\\\/AMATIERRA-black.png&quot;,&quot;id&quot;:477,&quot;size&quot;:&quot;&quot;,&quot;alt&quot;:&quot;amatierra black&quot;,&quot;source&quot;:&quot;library&quot;},&quot;video_type&quot;:&quot;youtube&quot;,&quot;controls&quot;:&quot;yes&quot;}\" data-widget_type=\"video.default\">\n\t\t\t\t<div class=\"elementor-widget-container\">\n\t\t\t\t\t\t\t<div class=\"elementor-wrapper elementor-open-inline\">\n\t\t\t<div class=\"elementor-video\"><\/div>\t\t\t\t<div class=\"elementor-custom-embed-image-overlay\" style=\"background-image: url(https:\/\/amatierra.net\/wp-content\/uploads\/2026\/01\/AMATIERRA-black.png);\">\n\t\t\t\t\t\t\t\t\t\t\t\t\t\t\t\t<div class=\"elementor-custom-embed-play\" role=\"button\" aria-label=\"Play Video about amatierra black\" tabindex=\"0\">\n\t\t\t\t\t\t\t<svg aria-hidden=\"true\" class=\"e-font-icon-svg e-eicon-play\" viewbox=\"0 0 1000 1000\" xmlns=\"http:\/\/www.w3.org\/2000\/svg\"><path d=\"M838 162C746 71 633 25 500 25 371 25 258 71 163 162 71 254 25 367 25 500 25 633 71 746 163 837 254 929 367 979 500 979 633 979 746 933 838 837 929 746 975 633 975 500 975 367 929 254 838 162M808 192C892 279 933 379 933 500 933 621 892 725 808 808 725 892 621 938 500 938 379 938 279 896 196 808 113 725 67 621 67 500 67 379 108 279 196 192 279 108 383 62 500 62 621 62 721 108 808 192M438 392V642L642 517 438 392Z\"><\/path><\/svg>\t\t\t\t\t\t<\/div>\n\t\t\t\t\t\t\t\t\t<\/div>\n\t\t\t\t\t<\/div>\n\t\t\t\t\t\t<\/div>\n\t\t\t\t<\/div>\n\t\t\t\t\t<\/div>\n\t\t\t\t<\/div>\n\t\t<div class=\"elementor-element elementor-element-0a2f11d e-flex e-con-boxed e-con e-parent\" data-id=\"0a2f11d\" data-element_type=\"container\" data-settings=\"{&quot;background_background&quot;:&quot;classic&quot;}\">\n\t\t\t\t\t<div class=\"e-con-inner\">\n\t\t<div class=\"elementor-element elementor-element-baea53e e-con-full e-flex e-con e-child\" data-id=\"baea53e\" data-element_type=\"container\">\n\t\t\t\t<div class=\"elementor-element elementor-element-b94d301 elementor-widget elementor-widget-icon-box\" data-id=\"b94d301\" data-element_type=\"widget\" data-widget_type=\"icon-box.default\">\n\t\t\t\t<div class=\"elementor-widget-container\">\n\t\t\t\t\t\t\t<div class=\"elementor-icon-box-wrapper\">\n\n\t\t\t\n\t\t\t\t\t\t<div class=\"elementor-icon-box-content\">\n\n\t\t\t\t\t\t\t\t\t<h2 class=\"elementor-icon-box-title\">\n\t\t\t\t\t\t<span  >\n\t\t\t\t\t\t\tLo que opinan nuestros Clientes\t\t\t\t\t\t<\/span>\n\t\t\t\t\t<\/h2>\n\t\t\t\t\n\t\t\t\t\n\t\t\t<\/div>\n\t\t\t\n\t\t<\/div>\n\t\t\t\t\t\t<\/div>\n\t\t\t\t<\/div>\n\t\t<div class=\"elementor-element elementor-element-fb14b3f e-con-full e-flex e-con e-child\" data-id=\"fb14b3f\" data-element_type=\"container\" data-settings=\"{&quot;background_background&quot;:&quot;classic&quot;}\">\n\t\t\t\t<div class=\"elementor-element elementor-element-c785b30 elementor-view-default elementor-widget elementor-widget-icon\" data-id=\"c785b30\" data-element_type=\"widget\" data-widget_type=\"icon.default\">\n\t\t\t\t<div class=\"elementor-widget-container\">\n\t\t\t\t\t\t\t<div class=\"elementor-icon-wrapper\">\n\t\t\t<div class=\"elementor-icon\">\n\t\t\t<svg aria-hidden=\"true\" class=\"e-font-icon-svg e-fas-quote-left\" viewbox=\"0 0 512 512\" xmlns=\"http:\/\/www.w3.org\/2000\/svg\"><path d=\"M464 256h-80v-64c0-35.3 28.7-64 64-64h8c13.3 0 24-10.7 24-24V56c0-13.3-10.7-24-24-24h-8c-88.4 0-160 71.6-160 160v240c0 26.5 21.5 48 48 48h128c26.5 0 48-21.5 48-48V304c0-26.5-21.5-48-48-48zm-288 0H96v-64c0-35.3 28.7-64 64-64h8c13.3 0 24-10.7 24-24V56c0-13.3-10.7-24-24-24h-8C71.6 32 0 103.6 0 192v240c0 26.5 21.5 48 48 48h128c26.5 0 48-21.5 48-48V304c0-26.5-21.5-48-48-48z\"><\/path><\/svg>\t\t\t<\/div>\n\t\t<\/div>\n\t\t\t\t\t\t<\/div>\n\t\t\t\t<\/div>\n\t\t\t\t<div class=\"elementor-element elementor-element-3d56080 elementor-widget elementor-widget-testimonial\" data-id=\"3d56080\" data-element_type=\"widget\" data-widget_type=\"testimonial.default\">\n\t\t\t\t<div class=\"elementor-widget-container\">\n\t\t\t\t\t\t\t<div class=\"elementor-testimonial-wrapper\">\n\t\t\t\t\t\t\t<div class=\"elementor-testimonial-content\">El curso con Amatierra fue realmente hermoso. Un d\u00eda lleno de creatividad, intenci\u00f3n y alegr\u00eda. Es muy especial tener un tambor que hice yo con mis propias manos.<\/div>\n\t\t\t\n\t\t\t\t\t\t<div class=\"elementor-testimonial-meta elementor-has-image elementor-testimonial-image-position-aside\">\n\t\t\t\t<div class=\"elementor-testimonial-meta-inner\">\n\t\t\t\t\t\t\t\t\t\t\t<div class=\"elementor-testimonial-image\">\n\t\t\t\t\t\t\t<img loading=\"lazy\" decoding=\"async\" width=\"619\" height=\"627\" src=\"https:\/\/amatierra.net\/wp-content\/uploads\/2026\/01\/Image-1.webp\" class=\"attachment-full size-full wp-image-558\" alt=\"image (1)\" title=\"Inicio\" srcset=\"https:\/\/amatierra.net\/wp-content\/uploads\/2026\/01\/Image-1.webp 619w, https:\/\/amatierra.net\/wp-content\/uploads\/2026\/01\/Image-1-296x300.webp 296w, https:\/\/amatierra.net\/wp-content\/uploads\/2026\/01\/Image-1-600x608.png 600w, https:\/\/amatierra.net\/wp-content\/uploads\/2026\/01\/Image-1-100x100.png 100w\" sizes=\"(max-width: 619px) 100vw, 619px\" \/>\t\t\t\t\t\t<\/div>\n\t\t\t\t\t\n\t\t\t\t\t\t\t\t\t\t<div class=\"elementor-testimonial-details\">\n\t\t\t\t\t\t\t\t\t\t\t\t\t\t<div class=\"elementor-testimonial-name\">Mariano<\/div>\n\t\t\t\t\t\t\t\t\t\t\t\t\t\t\t\t\t\t\t<\/div>\n\t\t\t\t\t\t\t\t\t<\/div>\n\t\t\t<\/div>\n\t\t\t\t\t<\/div>\n\t\t\t\t\t\t<\/div>\n\t\t\t\t<\/div>\n\t\t\t\t<\/div>\n\t\t\t\t<\/div>\n\t\t<div class=\"elementor-element elementor-element-204e1bb e-con-full e-flex e-con e-child\" data-id=\"204e1bb\" data-element_type=\"container\">\n\t\t<div class=\"elementor-element elementor-element-c7cc99b e-con-full e-flex e-con e-child\" data-id=\"c7cc99b\" data-element_type=\"container\" data-settings=\"{&quot;background_background&quot;:&quot;classic&quot;}\">\n\t\t\t\t<div class=\"elementor-element elementor-element-29a4079 elementor-view-default elementor-widget elementor-widget-icon\" data-id=\"29a4079\" data-element_type=\"widget\" data-widget_type=\"icon.default\">\n\t\t\t\t<div class=\"elementor-widget-container\">\n\t\t\t\t\t\t\t<div class=\"elementor-icon-wrapper\">\n\t\t\t<div class=\"elementor-icon\">\n\t\t\t<svg aria-hidden=\"true\" class=\"e-font-icon-svg e-fas-quote-left\" viewbox=\"0 0 512 512\" xmlns=\"http:\/\/www.w3.org\/2000\/svg\"><path d=\"M464 256h-80v-64c0-35.3 28.7-64 64-64h8c13.3 0 24-10.7 24-24V56c0-13.3-10.7-24-24-24h-8c-88.4 0-160 71.6-160 160v240c0 26.5 21.5 48 48 48h128c26.5 0 48-21.5 48-48V304c0-26.5-21.5-48-48-48zm-288 0H96v-64c0-35.3 28.7-64 64-64h8c13.3 0 24-10.7 24-24V56c0-13.3-10.7-24-24-24h-8C71.6 32 0 103.6 0 192v240c0 26.5 21.5 48 48 48h128c26.5 0 48-21.5 48-48V304c0-26.5-21.5-48-48-48z\"><\/path><\/svg>\t\t\t<\/div>\n\t\t<\/div>\n\t\t\t\t\t\t<\/div>\n\t\t\t\t<\/div>\n\t\t\t\t<div class=\"elementor-element elementor-element-96d7def elementor-widget elementor-widget-testimonial\" data-id=\"96d7def\" data-element_type=\"widget\" data-widget_type=\"testimonial.default\">\n\t\t\t\t<div class=\"elementor-widget-container\">\n\t\t\t\t\t\t\t<div class=\"elementor-testimonial-wrapper\">\n\t\t\t\t\t\t\t<div class=\"elementor-testimonial-content\">Siempre quise crear mi propio tambor. Qu\u00e9 experiencia tan profunda y hermosa fue hacerlo con Thea y Fabi.<\/div>\n\t\t\t\n\t\t\t\t\t\t<div class=\"elementor-testimonial-meta elementor-has-image elementor-testimonial-image-position-aside\">\n\t\t\t\t<div class=\"elementor-testimonial-meta-inner\">\n\t\t\t\t\t\t\t\t\t\t\t<div class=\"elementor-testimonial-image\">\n\t\t\t\t\t\t\t<img loading=\"lazy\" decoding=\"async\" width=\"100\" height=\"100\" src=\"https:\/\/amatierra.net\/wp-content\/uploads\/2025\/03\/team-02-1.jpg\" class=\"attachment-full size-full wp-image-240\" alt=\"team 02\" title=\"Inicio\">\t\t\t\t\t\t<\/div>\n\t\t\t\t\t\n\t\t\t\t\t\t\t\t\t\t<div class=\"elementor-testimonial-details\">\n\t\t\t\t\t\t\t\t\t\t\t\t\t\t<div class=\"elementor-testimonial-name\">Mateo<\/div>\n\t\t\t\t\t\t\t\t\t\t\t\t\t\t\t\t\t\t\t<\/div>\n\t\t\t\t\t\t\t\t\t<\/div>\n\t\t\t<\/div>\n\t\t\t\t\t<\/div>\n\t\t\t\t\t\t<\/div>\n\t\t\t\t<\/div>\n\t\t\t\t<\/div>\n\t\t<div class=\"elementor-element elementor-element-c50e80f e-con-full e-flex e-con e-child\" data-id=\"c50e80f\" data-element_type=\"container\" data-settings=\"{&quot;background_background&quot;:&quot;classic&quot;}\">\n\t\t\t\t<div class=\"elementor-element elementor-element-4eb1203 elementor-view-default elementor-widget elementor-widget-icon\" data-id=\"4eb1203\" data-element_type=\"widget\" data-widget_type=\"icon.default\">\n\t\t\t\t<div class=\"elementor-widget-container\">\n\t\t\t\t\t\t\t<div class=\"elementor-icon-wrapper\">\n\t\t\t<div class=\"elementor-icon\">\n\t\t\t<svg aria-hidden=\"true\" class=\"e-font-icon-svg e-fas-quote-left\" viewbox=\"0 0 512 512\" xmlns=\"http:\/\/www.w3.org\/2000\/svg\"><path d=\"M464 256h-80v-64c0-35.3 28.7-64 64-64h8c13.3 0 24-10.7 24-24V56c0-13.3-10.7-24-24-24h-8c-88.4 0-160 71.6-160 160v240c0 26.5 21.5 48 48 48h128c26.5 0 48-21.5 48-48V304c0-26.5-21.5-48-48-48zm-288 0H96v-64c0-35.3 28.7-64 64-64h8c13.3 0 24-10.7 24-24V56c0-13.3-10.7-24-24-24h-8C71.6 32 0 103.6 0 192v240c0 26.5 21.5 48 48 48h128c26.5 0 48-21.5 48-48V304c0-26.5-21.5-48-48-48z\"><\/path><\/svg>\t\t\t<\/div>\n\t\t<\/div>\n\t\t\t\t\t\t<\/div>\n\t\t\t\t<\/div>\n\t\t\t\t<div class=\"elementor-element elementor-element-b42c507 elementor-widget elementor-widget-testimonial\" data-id=\"b42c507\" data-element_type=\"widget\" data-widget_type=\"testimonial.default\">\n\t\t\t\t<div class=\"elementor-widget-container\">\n\t\t\t\t\t\t\t<div class=\"elementor-testimonial-wrapper\">\n\t\t\t\t\t\t\t<div class=\"elementor-testimonial-content\">El tambor que compr\u00e9 de Amatierra me ha acompa\u00f1ado en muchos viajes interiores profundos y se ha convertido en un poderoso compa\u00f1ero en mi camino personal.<\/div>\n\t\t\t\n\t\t\t\t\t\t<div class=\"elementor-testimonial-meta elementor-has-image elementor-testimonial-image-position-aside\">\n\t\t\t\t<div class=\"elementor-testimonial-meta-inner\">\n\t\t\t\t\t\t\t\t\t\t\t<div class=\"elementor-testimonial-image\">\n\t\t\t\t\t\t\t<img loading=\"lazy\" decoding=\"async\" width=\"1515\" height=\"1515\" src=\"https:\/\/amatierra.net\/wp-content\/uploads\/2026\/01\/20250805_190124.webp\" class=\"attachment-full size-full wp-image-575\" alt=\"20250805 190124\" title=\"Inicio\" srcset=\"https:\/\/amatierra.net\/wp-content\/uploads\/2026\/01\/20250805_190124.webp 1515w, https:\/\/amatierra.net\/wp-content\/uploads\/2026\/01\/20250805_190124-300x300.png 300w, https:\/\/amatierra.net\/wp-content\/uploads\/2026\/01\/20250805_190124-1024x1024.png 1024w, https:\/\/amatierra.net\/wp-content\/uploads\/2026\/01\/20250805_190124-150x150.png 150w, https:\/\/amatierra.net\/wp-content\/uploads\/2026\/01\/20250805_190124-768x768.png 768w, https:\/\/amatierra.net\/wp-content\/uploads\/2026\/01\/20250805_190124-600x600.png 600w, https:\/\/amatierra.net\/wp-content\/uploads\/2026\/01\/20250805_190124-100x100.png 100w\" sizes=\"(max-width: 1515px) 100vw, 1515px\" \/>\t\t\t\t\t\t<\/div>\n\t\t\t\t\t\n\t\t\t\t\t\t\t\t\t\t<div class=\"elementor-testimonial-details\">\n\t\t\t\t\t\t\t\t\t\t\t\t\t\t<div class=\"elementor-testimonial-name\">Antje<\/div>\n\t\t\t\t\t\t\t\t\t\t\t\t\t\t\t\t\t\t\t<\/div>\n\t\t\t\t\t\t\t\t\t<\/div>\n\t\t\t<\/div>\n\t\t\t\t\t<\/div>\n\t\t\t\t\t\t<\/div>\n\t\t\t\t<\/div>\n\t\t\t\t<\/div>\n\t\t\t\t<\/div>\n\t\t\t\t\t<\/div>\n\t\t\t\t<\/div>\n\t\t\t\t<\/div>","protected":false},"excerpt":{"rendered":"<p>AMATIERRA medicine drums made by Hand &#8211; Moved by earth\u00a0 \u00a0 Drum shop Workshops Drum-making Kits What Our Customers Say [&hellip;]<\/p>","protected":false},"author":1,"featured_media":0,"parent":0,"menu_order":0,"comment_status":"closed","ping_status":"closed","template":"","meta":{"site-sidebar-layout":"no-sidebar","site-content-layout":"","ast-site-content-layout":"full-width-container","site-content-style":"unboxed","site-sidebar-style":"default","ast-global-header-display":"","ast-banner-title-visibility":"","ast-main-header-display":"","ast-hfb-above-header-display":"","ast-hfb-below-header-display":"","ast-hfb-mobile-header-display":"","site-post-title":"disabled","ast-breadcrumbs-content":"","ast-featured-img":"disabled","footer-sml-layout":"","ast-disable-related-posts":"","theme-transparent-header-meta":"enabled","adv-header-id-meta":"","stick-header-meta":"","header-above-stick-meta":"","header-main-stick-meta":"","header-below-stick-meta":"","astra-migrate-meta-layouts":"default","ast-page-background-enabled":"default","ast-page-background-meta":{"desktop":{"background-color":"var(--ast-global-color-4)","background-image":"","background-repeat":"repeat","background-position":"center center","background-size":"auto","background-attachment":"scroll","background-type":"","background-media":"","overlay-type":"","overlay-color":"","overlay-opacity":"","overlay-gradient":""},"tablet":{"background-color":"","background-image":"","background-repeat":"repeat","background-position":"center center","background-size":"auto","background-attachment":"scroll","background-type":"","background-media":"","overlay-type":"","overlay-color":"","overlay-opacity":"","overlay-gradient":""},"mobile":{"background-color":"","background-image":"","background-repeat":"repeat","background-position":"center center","background-size":"auto","background-attachment":"scroll","background-type":"","background-media":"","overlay-type":"","overlay-color":"","overlay-opacity":"","overlay-gradient":""}},"ast-content-background-meta":{"desktop":{"background-color":"var(--ast-global-color-5)","background-image":"","background-repeat":"repeat","background-position":"center center","background-size":"auto","background-attachment":"scroll","background-type":"","background-media":"","overlay-type":"","overlay-color":"","overlay-opacity":"","overlay-gradient":""},"tablet":{"background-color":"var(--ast-global-color-5)","background-image":"","background-repeat":"repeat","background-position":"center center","background-size":"auto","background-attachment":"scroll","background-type":"","background-media":"","overlay-type":"","overlay-color":"","overlay-opacity":"","overlay-gradient":""},"mobile":{"background-color":"var(--ast-global-color-5)","background-image":"","background-repeat":"repeat","background-position":"center center","background-size":"auto","background-attachment":"scroll","background-type":"","background-media":"","overlay-type":"","overlay-color":"","overlay-opacity":"","overlay-gradient":""}},"footnotes":""},"class_list":["post-219","page","type-page","status-publish","hentry"],"_links":{"self":[{"href":"https:\/\/amatierra.net\/es\/wp-json\/wp\/v2\/pages\/219","targetHints":{"allow":["GET"]}}],"collection":[{"href":"https:\/\/amatierra.net\/es\/wp-json\/wp\/v2\/pages"}],"about":[{"href":"https:\/\/amatierra.net\/es\/wp-json\/wp\/v2\/types\/page"}],"author":[{"embeddable":true,"href":"https:\/\/amatierra.net\/es\/wp-json\/wp\/v2\/users\/1"}],"replies":[{"embeddable":true,"href":"https:\/\/amatierra.net\/es\/wp-json\/wp\/v2\/comments?post=219"}],"version-history":[{"count":54,"href":"https:\/\/amatierra.net\/es\/wp-json\/wp\/v2\/pages\/219\/revisions"}],"predecessor-version":[{"id":653,"href":"https:\/\/amatierra.net\/es\/wp-json\/wp\/v2\/pages\/219\/revisions\/653"}],"wp:attachment":[{"href":"https:\/\/amatierra.net\/es\/wp-json\/wp\/v2\/media?parent=219"}],"curies":[{"name":"wp","href":"https:\/\/api.w.org\/{rel}","templated":true}]}}