{"id":390,"date":"2026-01-04T17:06:24","date_gmt":"2026-01-04T17:06:24","guid":{"rendered":"https:\/\/amatierra.net\/?page_id=390"},"modified":"2026-01-05T00:00:54","modified_gmt":"2026-01-05T00:00:54","slug":"about","status":"publish","type":"page","link":"https:\/\/amatierra.net\/es\/about\/","title":{"rendered":"Acerca de"},"content":{"rendered":"<div data-elementor-type=\"wp-page\" data-elementor-id=\"390\" class=\"elementor elementor-390\">\n\t\t\t\t<div class=\"elementor-element elementor-element-cbf78c9 e-flex e-con-boxed e-con e-parent\" data-id=\"cbf78c9\" data-element_type=\"container\" data-settings=\"{&quot;background_background&quot;:&quot;classic&quot;}\">\n\t\t\t\t\t<div class=\"e-con-inner\">\n\t\t\t\t<div class=\"elementor-element elementor-element-10a3fdc elementor-widget elementor-widget-text-editor\" data-id=\"10a3fdc\" data-element_type=\"widget\" data-widget_type=\"text-editor.default\">\n\t\t\t\t<div class=\"elementor-widget-container\">\n\t\t\t\t\t\t\t\t\tAcerca de\t\t\t\t\t\t\t\t<\/div>\n\t\t\t\t<\/div>\n\t\t\t\t<div class=\"elementor-element elementor-element-257fc76 elementor-widget elementor-widget-heading\" data-id=\"257fc76\" data-element_type=\"widget\" data-widget_type=\"heading.default\">\n\t\t\t\t<div class=\"elementor-widget-container\">\n\t\t\t\t\t<h1 class=\"elementor-heading-title elementor-size-default\">AMATIERRA<\/h1>\t\t\t\t<\/div>\n\t\t\t\t<\/div>\n\t\t\t\t\t<\/div>\n\t\t\t\t<\/div>\n\t\t<div class=\"elementor-element elementor-element-f4a7be5 e-flex e-con-boxed e-con e-parent\" data-id=\"f4a7be5\" data-element_type=\"container\">\n\t\t\t\t\t<div class=\"e-con-inner\">\n\t\t<div class=\"elementor-element elementor-element-6348d00 e-con-full e-flex e-con e-child\" data-id=\"6348d00\" data-element_type=\"container\">\n\t\t\t\t<div class=\"elementor-element elementor-element-f9eabbd elementor-widget elementor-widget-image\" data-id=\"f9eabbd\" data-element_type=\"widget\" data-widget_type=\"image.default\">\n\t\t\t\t<div class=\"elementor-widget-container\">\n\t\t\t\t\t\t\t\t\t\t\t\t\t\t\t<img fetchpriority=\"high\" decoding=\"async\" width=\"1200\" height=\"1600\" src=\"https:\/\/amatierra.net\/wp-content\/uploads\/2026\/01\/WhatsApp-Image-2026-01-01-at-11.21.03-5-1.webp\" class=\"attachment-full size-full wp-image-505\" alt=\"whatsapp image 2026 01 01 at 11.21.03 5.jpeg\" srcset=\"https:\/\/amatierra.net\/wp-content\/uploads\/2026\/01\/WhatsApp-Image-2026-01-01-at-11.21.03-5-1.webp 1200w, https:\/\/amatierra.net\/wp-content\/uploads\/2026\/01\/WhatsApp-Image-2026-01-01-at-11.21.03-5-1-225x300.webp 225w, https:\/\/amatierra.net\/wp-content\/uploads\/2026\/01\/WhatsApp-Image-2026-01-01-at-11.21.03-5-1-768x1024.webp 768w, https:\/\/amatierra.net\/wp-content\/uploads\/2026\/01\/WhatsApp-Image-2026-01-01-at-11.21.03-5-1-1152x1536.webp 1152w, https:\/\/amatierra.net\/wp-content\/uploads\/2026\/01\/WhatsApp-Image-2026-01-01-at-11.21.03-5-1-600x800.webp 600w\" sizes=\"(max-width: 1200px) 100vw, 1200px\" title=\"Acerca de\">\t\t\t\t\t\t\t\t\t\t\t\t\t\t\t<\/div>\n\t\t\t\t<\/div>\n\t\t\t\t<\/div>\n\t\t<div class=\"elementor-element elementor-element-953a020 e-con-full e-flex e-con e-child\" data-id=\"953a020\" data-element_type=\"container\">\n\t\t\t\t<div class=\"elementor-element elementor-element-f632d01 elementor-widget elementor-widget-heading\" data-id=\"f632d01\" data-element_type=\"widget\" data-widget_type=\"heading.default\">\n\t\t\t\t<div class=\"elementor-widget-container\">\n\t\t\t\t\t<h2 class=\"elementor-heading-title elementor-size-default\">Tambores de medicina hechos a mano para la voz, el coraz\u00f3n y la intenci\u00f3n.<\/h2>\t\t\t\t<\/div>\n\t\t\t\t<\/div>\n\t\t\t\t<div class=\"elementor-element elementor-element-ce014bb elementor-widget elementor-widget-text-editor\" data-id=\"ce014bb\" data-element_type=\"widget\" data-widget_type=\"text-editor.default\">\n\t\t\t\t<div class=\"elementor-widget-container\">\n\t\t\t\t\t\t\t\t\t<p class=\"p1\">Amatierra es una negocio familiar ubicado en las monta\u00f1as de Oaxaca, dedicado a la elaboraci\u00f3n artesanal de tambores de medicina personalizables.<\/p><p class=\"p1\">Desde sus inicios, Amatierra ha ofrecido talleres inmersivos en los que los participantes aprenden a construir y tocar sus propios tambores. Estas experiencias van m\u00e1s all\u00e1 de la artesan\u00eda: invitan a las personas a reconectarse con su voz y su coraz\u00f3n, utilizando el ritmo para expresar oraciones, intenciones y verdades internas.<\/p><p class=\"p1\">Mucha gente elige Amatierra por su artesan\u00eda aut\u00e9ntica y consciente, y por la experiencia transformadora de descubrirse a s\u00ed mismos a trav\u00e9s de la m\u00fasica, la comunidad y el sonido.<\/p>\t\t\t\t\t\t\t\t<\/div>\n\t\t\t\t<\/div>\n\t\t\t\t<div class=\"elementor-element elementor-element-453eaac elementor-widget-divider--view-line elementor-widget elementor-widget-divider\" data-id=\"453eaac\" data-element_type=\"widget\" data-widget_type=\"divider.default\">\n\t\t\t\t<div class=\"elementor-widget-container\">\n\t\t\t\t\t\t\t<div class=\"elementor-divider\">\n\t\t\t<span class=\"elementor-divider-separator\">\n\t\t\t\t\t\t<\/span>\n\t\t<\/div>\n\t\t\t\t\t\t<\/div>\n\t\t\t\t<\/div>\n\t\t\t\t<div class=\"elementor-element elementor-element-7626cd8 elementor-widget elementor-widget-text-editor\" data-id=\"7626cd8\" data-element_type=\"widget\" data-widget_type=\"text-editor.default\">\n\t\t\t\t<div class=\"elementor-widget-container\">\n\t\t\t\t\t\t\t\t\t<p class=\"p1\"><em>\u00abCuando nos dejamos llevar por el ritmo del tambor, el coraz\u00f3n, la voz y la tierra se mueven al comp\u00e1s\u00bb.<\/em><\/p>\t\t\t\t\t\t\t\t<\/div>\n\t\t\t\t<\/div>\n\t\t\t\t<\/div>\n\t\t\t\t\t<\/div>\n\t\t\t\t<\/div>\n\t\t<div class=\"elementor-element elementor-element-5fdb465 e-flex e-con-boxed e-con e-parent\" data-id=\"5fdb465\" data-element_type=\"container\">\n\t\t\t\t\t<div class=\"e-con-inner\">\n\t\t<div class=\"elementor-element elementor-element-4e19c24 e-con-full e-flex e-con e-child\" data-id=\"4e19c24\" data-element_type=\"container\">\n\t\t\t\t<div class=\"elementor-element elementor-element-7d2899e elementor-widget elementor-widget-heading\" data-id=\"7d2899e\" data-element_type=\"widget\" data-widget_type=\"heading.default\">\n\t\t\t\t<div class=\"elementor-widget-container\">\n\t\t\t\t\t<h2 class=\"elementor-heading-title elementor-size-default\">Thea Fischer<\/h2>\t\t\t\t<\/div>\n\t\t\t\t<\/div>\n\t\t\t\t<div class=\"elementor-element elementor-element-b2c7cfb elementor-widget elementor-widget-text-editor\" data-id=\"b2c7cfb\" data-element_type=\"widget\" data-widget_type=\"text-editor.default\">\n\t\t\t\t<div class=\"elementor-widget-container\">\n\t\t\t\t\t\t\t\t\t<p class=\"p1\">Thea es una abuela de la Danza de Xochimeztli. Ha bailado dentro del c\u00edrculo durante siete a\u00f1os, a menudo liderando cantos que se siguen durante toda la noche. Tiene un gran tambor huehuetl y dirige un c\u00edrculo semanal de tambores y canto. Thea tambi\u00e9n gu\u00eda c\u00edrculos de mujeres y temazcales e imparte cursos de liberaci\u00f3n de la voz, ayudando a otras personas a recuperar su voz a trav\u00e9s del ritmo y el canto.<\/p>\t\t\t\t\t\t\t\t<\/div>\n\t\t\t\t<\/div>\n\t\t\t\t<\/div>\n\t\t<div class=\"elementor-element elementor-element-49b650b e-con-full e-flex e-con e-child\" data-id=\"49b650b\" data-element_type=\"container\">\n\t\t\t\t<div class=\"elementor-element elementor-element-acdcc95 elementor-widget elementor-widget-image\" data-id=\"acdcc95\" data-element_type=\"widget\" data-widget_type=\"image.default\">\n\t\t\t\t<div class=\"elementor-widget-container\">\n\t\t\t\t\t\t\t\t\t\t\t\t\t\t\t<img decoding=\"async\" width=\"1200\" height=\"1600\" src=\"https:\/\/amatierra.net\/wp-content\/uploads\/2026\/01\/WhatsApp-Image-2025-12-26-at-10.16.29-1-1.webp\" class=\"attachment-full size-full wp-image-511\" alt=\"whatsapp image 2025 12 26 at 10.16.29 1.jpeg\" srcset=\"https:\/\/amatierra.net\/wp-content\/uploads\/2026\/01\/WhatsApp-Image-2025-12-26-at-10.16.29-1-1.webp 1200w, https:\/\/amatierra.net\/wp-content\/uploads\/2026\/01\/WhatsApp-Image-2025-12-26-at-10.16.29-1-1-225x300.webp 225w, https:\/\/amatierra.net\/wp-content\/uploads\/2026\/01\/WhatsApp-Image-2025-12-26-at-10.16.29-1-1-768x1024.webp 768w, https:\/\/amatierra.net\/wp-content\/uploads\/2026\/01\/WhatsApp-Image-2025-12-26-at-10.16.29-1-1-1152x1536.webp 1152w, https:\/\/amatierra.net\/wp-content\/uploads\/2026\/01\/WhatsApp-Image-2025-12-26-at-10.16.29-1-1-600x800.webp 600w\" sizes=\"(max-width: 1200px) 100vw, 1200px\" title=\"Acerca de\">\t\t\t\t\t\t\t\t\t\t\t\t\t\t\t<\/div>\n\t\t\t\t<\/div>\n\t\t\t\t<\/div>\n\t\t\t\t\t<\/div>\n\t\t\t\t<\/div>\n\t\t<div class=\"elementor-element elementor-element-de386bc e-flex e-con-boxed e-con e-parent\" data-id=\"de386bc\" data-element_type=\"container\">\n\t\t\t\t\t<div class=\"e-con-inner\">\n\t\t<div class=\"elementor-element elementor-element-265e555 e-con-full e-flex e-con e-child\" data-id=\"265e555\" data-element_type=\"container\">\n\t\t\t\t<div class=\"elementor-element elementor-element-7ea0017 elementor-widget elementor-widget-image\" data-id=\"7ea0017\" data-element_type=\"widget\" data-widget_type=\"image.default\">\n\t\t\t\t<div class=\"elementor-widget-container\">\n\t\t\t\t\t\t\t\t\t\t\t\t\t\t\t<img decoding=\"async\" width=\"1200\" height=\"1600\" src=\"https:\/\/amatierra.net\/wp-content\/uploads\/2026\/01\/WhatsApp-Image-2026-01-03-at-10.06.44-1-1.webp\" class=\"attachment-full size-full wp-image-512\" alt=\"whatsapp image 2026 01 03 at 10.06.44 1.jpeg\" srcset=\"https:\/\/amatierra.net\/wp-content\/uploads\/2026\/01\/WhatsApp-Image-2026-01-03-at-10.06.44-1-1.webp 1200w, https:\/\/amatierra.net\/wp-content\/uploads\/2026\/01\/WhatsApp-Image-2026-01-03-at-10.06.44-1-1-225x300.webp 225w, https:\/\/amatierra.net\/wp-content\/uploads\/2026\/01\/WhatsApp-Image-2026-01-03-at-10.06.44-1-1-768x1024.webp 768w, https:\/\/amatierra.net\/wp-content\/uploads\/2026\/01\/WhatsApp-Image-2026-01-03-at-10.06.44-1-1-1152x1536.jpeg 1152w, https:\/\/amatierra.net\/wp-content\/uploads\/2026\/01\/WhatsApp-Image-2026-01-03-at-10.06.44-1-1-600x800.jpeg 600w\" sizes=\"(max-width: 1200px) 100vw, 1200px\" title=\"Acerca de\">\t\t\t\t\t\t\t\t\t\t\t\t\t\t\t<\/div>\n\t\t\t\t<\/div>\n\t\t\t\t<\/div>\n\t\t<div class=\"elementor-element elementor-element-be12a89 e-con-full e-flex e-con e-child\" data-id=\"be12a89\" data-element_type=\"container\">\n\t\t\t\t<div class=\"elementor-element elementor-element-6816481 elementor-widget elementor-widget-heading\" data-id=\"6816481\" data-element_type=\"widget\" data-widget_type=\"heading.default\">\n\t\t\t\t<div class=\"elementor-widget-container\">\n\t\t\t\t\t<h2 class=\"elementor-heading-title elementor-size-default\">Fabian Blumer<\/h2>\t\t\t\t<\/div>\n\t\t\t\t<\/div>\n\t\t\t\t<div class=\"elementor-element elementor-element-e2e5366 elementor-widget elementor-widget-text-editor\" data-id=\"e2e5366\" data-element_type=\"widget\" data-widget_type=\"text-editor.default\">\n\t\t\t\t<div class=\"elementor-widget-container\">\n\t\t\t\t\t\t\t\t\t<p class=\"p1\">Fabian se acerca a la fabricaci\u00f3n de tambores desde una perspectiva m\u00e1s artesanal y estructural. Constructor de profesi\u00f3n, se especializa en la construcci\u00f3n natural y es un carpintero experimentado. Los a\u00f1os que ha vivido en comunidad le han proporcionado una gran experiencia en la organizaci\u00f3n de grupos y la direcci\u00f3n de talleres, lo que le permite aportar tanto sus habilidad como presencia a su trabajo.<b><\/b><\/p>\t\t\t\t\t\t\t\t<\/div>\n\t\t\t\t<\/div>\n\t\t\t\t<\/div>\n\t\t\t\t\t<\/div>\n\t\t\t\t<\/div>\n\t\t<div class=\"elementor-element elementor-element-7a73a1f e-flex e-con-boxed e-con e-parent\" data-id=\"7a73a1f\" data-element_type=\"container\">\n\t\t\t\t\t<div class=\"e-con-inner\">\n\t\t<div class=\"elementor-element elementor-element-119972b e-con-full e-flex e-con e-child\" data-id=\"119972b\" data-element_type=\"container\">\n\t\t\t\t<div class=\"elementor-element elementor-element-6c9ab40 elementor-widget elementor-widget-heading\" data-id=\"6c9ab40\" data-element_type=\"widget\" data-widget_type=\"heading.default\">\n\t\t\t\t<div class=\"elementor-widget-container\">\n\t\t\t\t\t<h2 class=\"elementor-heading-title elementor-size-default\">Komunidad Kolinda<\/h2>\t\t\t\t<\/div>\n\t\t\t\t<\/div>\n\t\t\t\t<div class=\"elementor-element elementor-element-264b68b elementor-widget elementor-widget-text-editor\" data-id=\"264b68b\" data-element_type=\"widget\" data-widget_type=\"text-editor.default\">\n\t\t\t\t<div class=\"elementor-widget-container\">\n\t\t\t\t\t\t\t\t\t<p class=\"p1\"><span class=\"a_GcMg font-feature-liga-off font-feature-clig-off font-feature-calt-off text-decoration-none text-strikethrough-none\">Thea y Fabi viven en Komunidad Kolinda, una comunidad intencional situada en las monta\u00f1as de la Sierra Sur de Oaxaca. Kolinda es el hogar de tres familias que viven en \u00edntima relaci\u00f3n con la tierra, cultivando alimentos y compartiendo la vida cotidiana. La comunidad ofrece hermosas caba\u00f1as para los visitantes, as\u00ed como retiros de silencio, temazcales y ceremonias de medicina. Si te apetece visitarnos o saber m\u00e1s, no dudes en ponerte en contacto con nosotros o visitarnos en <a href=\"https:\/\/www.instagram.com\/komunidadkolinda\/\">instagram<\/a>.<\/span><\/p>\t\t\t\t\t\t\t\t<\/div>\n\t\t\t\t<\/div>\n\t\t\t\t<\/div>\n\t\t<div class=\"elementor-element elementor-element-1fcc60a e-con-full e-flex e-con e-child\" data-id=\"1fcc60a\" data-element_type=\"container\">\n\t\t\t\t<div class=\"elementor-element elementor-element-a3d9a98 elementor-arrows-position-inside elementor-pagination-position-outside elementor-widget elementor-widget-image-carousel\" data-id=\"a3d9a98\" data-element_type=\"widget\" data-settings=\"{&quot;slides_to_show&quot;:&quot;1&quot;,&quot;navigation&quot;:&quot;both&quot;,&quot;autoplay&quot;:&quot;yes&quot;,&quot;pause_on_hover&quot;:&quot;yes&quot;,&quot;pause_on_interaction&quot;:&quot;yes&quot;,&quot;autoplay_speed&quot;:5000,&quot;infinite&quot;:&quot;yes&quot;,&quot;effect&quot;:&quot;slide&quot;,&quot;speed&quot;:500}\" data-widget_type=\"image-carousel.default\">\n\t\t\t\t<div class=\"elementor-widget-container\">\n\t\t\t\t\t\t\t<div class=\"elementor-image-carousel-wrapper swiper\" role=\"region\" aria-roledescription=\"carousel\" aria-label=\"Image Carousel\" dir=\"ltr\">\n\t\t\t<div class=\"elementor-image-carousel swiper-wrapper\" aria-live=\"off\">\n\t\t\t\t\t\t\t\t<div class=\"swiper-slide\" role=\"group\" aria-roledescription=\"slide\" aria-label=\"1 of 3\"><figure class=\"swiper-slide-inner\"><img decoding=\"async\" class=\"swiper-slide-image\" src=\"https:\/\/amatierra.net\/wp-content\/uploads\/2026\/01\/1000038317-1-768x576.webp\" alt=\"1000038317.jpg\" title=\"Acerca de\"><\/figure><\/div><div class=\"swiper-slide\" role=\"group\" aria-roledescription=\"slide\" aria-label=\"2 of 3\"><figure class=\"swiper-slide-inner\"><img decoding=\"async\" class=\"swiper-slide-image\" src=\"https:\/\/amatierra.net\/wp-content\/uploads\/2026\/01\/1000038240-1-768x576.webp\" alt=\"1000038240.jpg\" title=\"Acerca de\"><\/figure><\/div><div class=\"swiper-slide\" role=\"group\" aria-roledescription=\"slide\" aria-label=\"3 of 3\"><figure class=\"swiper-slide-inner\"><img decoding=\"async\" class=\"swiper-slide-image\" src=\"https:\/\/amatierra.net\/wp-content\/uploads\/2026\/01\/WhatsApp-Image-2025-12-26-at-10.25.25-1-1-768x574.webp\" alt=\"whatsapp image 2025 12 26 at 10.25.25 1.jpeg\" title=\"Acerca de\"><\/figure><\/div>\t\t\t<\/div>\n\t\t\t\t\t\t\t\t\t\t\t\t<div class=\"elementor-swiper-button elementor-swiper-button-prev\" role=\"button\" tabindex=\"0\">\n\t\t\t\t\t\t<svg aria-hidden=\"true\" class=\"e-font-icon-svg e-eicon-chevron-left\" viewbox=\"0 0 1000 1000\" xmlns=\"http:\/\/www.w3.org\/2000\/svg\"><path d=\"M646 125C629 125 613 133 604 142L308 442C296 454 292 471 292 487 292 504 296 521 308 533L604 854C617 867 629 875 646 875 663 875 679 871 692 858 704 846 713 829 713 812 713 796 708 779 692 767L438 487 692 225C700 217 708 204 708 187 708 171 704 154 692 142 675 129 663 125 646 125Z\"><\/path><\/svg>\t\t\t\t\t<\/div>\n\t\t\t\t\t<div class=\"elementor-swiper-button elementor-swiper-button-next\" role=\"button\" tabindex=\"0\">\n\t\t\t\t\t\t<svg aria-hidden=\"true\" class=\"e-font-icon-svg e-eicon-chevron-right\" viewbox=\"0 0 1000 1000\" xmlns=\"http:\/\/www.w3.org\/2000\/svg\"><path d=\"M696 533C708 521 713 504 713 487 713 471 708 454 696 446L400 146C388 133 375 125 354 125 338 125 325 129 313 142 300 154 292 171 292 187 292 204 296 221 308 233L563 492 304 771C292 783 288 800 288 817 288 833 296 850 308 863 321 871 338 875 354 875 371 875 388 867 400 854L696 533Z\"><\/path><\/svg>\t\t\t\t\t<\/div>\n\t\t\t\t\n\t\t\t\t\t\t\t\t\t<div class=\"swiper-pagination\"><\/div>\n\t\t\t\t\t\t\t\t\t<\/div>\n\t\t\t\t\t\t<\/div>\n\t\t\t\t<\/div>\n\t\t\t\t<\/div>\n\t\t\t\t\t<\/div>\n\t\t\t\t<\/div>\n\t\t\t\t<\/div>","protected":false},"excerpt":{"rendered":"<p>About AMATIERRA Handmade medicine drums for voice, heart, and intention. Amatierra is a family-owned business nestled in the mountains of [&hellip;]<\/p>","protected":false},"author":1,"featured_media":0,"parent":0,"menu_order":0,"comment_status":"closed","ping_status":"closed","template":"","meta":{"site-sidebar-layout":"no-sidebar","site-content-layout":"","ast-site-content-layout":"full-width-container","site-content-style":"unboxed","site-sidebar-style":"default","ast-global-header-display":"","ast-banner-title-visibility":"","ast-main-header-display":"","ast-hfb-above-header-display":"","ast-hfb-below-header-display":"","ast-hfb-mobile-header-display":"","site-post-title":"disabled","ast-breadcrumbs-content":"","ast-featured-img":"disabled","footer-sml-layout":"","ast-disable-related-posts":"","theme-transparent-header-meta":"enabled","adv-header-id-meta":"","stick-header-meta":"","header-above-stick-meta":"","header-main-stick-meta":"","header-below-stick-meta":"","astra-migrate-meta-layouts":"default","ast-page-background-enabled":"default","ast-page-background-meta":{"desktop":{"background-color":"var(--ast-global-color-4)","background-image":"","background-repeat":"repeat","background-position":"center center","background-size":"auto","background-attachment":"scroll","background-type":"","background-media":"","overlay-type":"","overlay-color":"","overlay-opacity":"","overlay-gradient":""},"tablet":{"background-color":"","background-image":"","background-repeat":"repeat","background-position":"center center","background-size":"auto","background-attachment":"scroll","background-type":"","background-media":"","overlay-type":"","overlay-color":"","overlay-opacity":"","overlay-gradient":""},"mobile":{"background-color":"","background-image":"","background-repeat":"repeat","background-position":"center center","background-size":"auto","background-attachment":"scroll","background-type":"","background-media":"","overlay-type":"","overlay-color":"","overlay-opacity":"","overlay-gradient":""}},"ast-content-background-meta":{"desktop":{"background-color":"var(--ast-global-color-5)","background-image":"","background-repeat":"repeat","background-position":"center center","background-size":"auto","background-attachment":"scroll","background-type":"","background-media":"","overlay-type":"","overlay-color":"","overlay-opacity":"","overlay-gradient":""},"tablet":{"background-color":"var(--ast-global-color-5)","background-image":"","background-repeat":"repeat","background-position":"center center","background-size":"auto","background-attachment":"scroll","background-type":"","background-media":"","overlay-type":"","overlay-color":"","overlay-opacity":"","overlay-gradient":""},"mobile":{"background-color":"var(--ast-global-color-5)","background-image":"","background-repeat":"repeat","background-position":"center center","background-size":"auto","background-attachment":"scroll","background-type":"","background-media":"","overlay-type":"","overlay-color":"","overlay-opacity":"","overlay-gradient":""}},"footnotes":""},"class_list":["post-390","page","type-page","status-publish","hentry"],"_links":{"self":[{"href":"https:\/\/amatierra.net\/es\/wp-json\/wp\/v2\/pages\/390","targetHints":{"allow":["GET"]}}],"collection":[{"href":"https:\/\/amatierra.net\/es\/wp-json\/wp\/v2\/pages"}],"about":[{"href":"https:\/\/amatierra.net\/es\/wp-json\/wp\/v2\/types\/page"}],"author":[{"embeddable":true,"href":"https:\/\/amatierra.net\/es\/wp-json\/wp\/v2\/users\/1"}],"replies":[{"embeddable":true,"href":"https:\/\/amatierra.net\/es\/wp-json\/wp\/v2\/comments?post=390"}],"version-history":[{"count":27,"href":"https:\/\/amatierra.net\/es\/wp-json\/wp\/v2\/pages\/390\/revisions"}],"predecessor-version":[{"id":439,"href":"https:\/\/amatierra.net\/es\/wp-json\/wp\/v2\/pages\/390\/revisions\/439"}],"wp:attachment":[{"href":"https:\/\/amatierra.net\/es\/wp-json\/wp\/v2\/media?parent=390"}],"curies":[{"name":"wp","href":"https:\/\/api.w.org\/{rel}","templated":true}]}}